{"id":641,"date":"2020-05-03T08:08:16","date_gmt":"2020-05-03T08:08:16","guid":{"rendered":"http:\/\/academist.elated-themes.com\/?page_id=641"},"modified":"2026-04-28T12:24:31","modified_gmt":"2026-04-28T12:24:31","slug":"jobs","status":"publish","type":"page","link":"https:\/\/isfa-net.de\/?page_id=641","title":{"rendered":"Jobs"},"content":{"rendered":"<p>[vc_row row_content_width=&#8220;grid&#8220; css=&#8220;.vc_custom_1586286885134{padding-top: 30px !important;padding-bottom: 75px !important;}&#8220;][vc_column]<div class=\"eltdf-elements-holder   eltdf-one-column  eltdf-responsive-mode-768   \" ><div class=\"eltdf-eh-item     \"  data-item-class=\"eltdf-eh-custom-6315\" data-1367-1600=\"40px 15% 0 0\" data-1025-1366=\"40px 0% 0 0\" data-769-1024=\"40px 15% 0 0\" data-681-768=\"0 10% 0 0\" data-680=\"0 0\">\n\t<div class=\"eltdf-eh-item-inner\">\n\t\t<div class=\"eltdf-eh-item-content eltdf-eh-custom-6315\" style=\"padding: 40px 15% 0 0\">\n\t\t\t<div class=\"eltdf-section-title-holder  eltdf-st-standard eltdf-st-title-left eltdf-st-normal-space \" >\n\t<div class=\"eltdf-st-inner\">\n\t\t\t\t\t<h2 class=\"eltdf-st-title\" >\n\t\t\t\tWir suchen:\t\t\t<\/h2>\n\t\t\t\t\t\t\t<div class=\"eltdf-separator-holder clearfix  eltdf-separator-left \">\n\t<div class=\"eltdf-separator\" style=\"border-color: #ff1949;width: 38px;border-bottom-width: 3px;margin-top: 23px;margin-bottom: 9px\"><\/div>\n<\/div>\n\t\t\t\t\t<\/div>\n<\/div>[vc_column_text]<\/p>\n<h4><b>Sozialp\u00e4dagoge*p\u00e4dagogin<\/b> f\u00fcr berufliche Bildungsma\u00dfnahmen und Beratungst\u00e4tigkeit; Teilzeit und Vollzeit.<\/h4>\n<p>[\/vc_column_text][vc_column_text css_animation=&#8220;bounceIn&#8220;]<strong>R\u00fcckfragen bitte an unsere Zentrale unter 0431-987006<\/strong><\/p>\n<p><strong>Bewerbungen bitte an info@isfa-net.de<\/strong><\/p>\n<p><strong>Wir freuen uns auf Ihre Anfrage!<\/strong>[\/vc_column_text][vc_empty_space][vc_separator border_width=&#8220;5&#8243;][vc_empty_space][vc_column_text]<\/p>\n<h4><strong>FSJ gesucht? Werde Teil der Grundschule Osdorf<\/strong><\/h4>\n<p>[\/vc_column_text][vc_column_text css_animation=&#8220;bounceIn&#8220;]Weitere Infos findest du im Link unten.<\/p>\n<p><a href=\"https:\/\/isfa-net.de\/wp-content\/uploads\/2026\/04\/FSJ-Osdorf.pdf\" target=\"_blank\" rel=\"noopener\">Link: Freiwilliges Soziales Jahr (FSJ) an der Grundschule Osdorf<\/a>[\/vc_column_text]\t\t<\/div>\n\t<\/div>\n<\/div><\/div>[\/vc_column][\/vc_row]<\/p>\n","protected":false},"excerpt":{"rendered":"<p>[vc_row row_content_width=&#8220;grid&#8220; css=&#8220;.vc_custom_1586286885134{padding-top: 30px !important;padding-bottom: 75px !important;}&#8220;][vc_column][\/vc_column][\/vc_row]<\/p>\n","protected":false},"author":1,"featured_media":0,"parent":0,"menu_order":0,"comment_status":"closed","ping_status":"closed","template":"full-width.php","meta":{"_bbp_topic_count":0,"_bbp_reply_count":0,"_bbp_total_topic_count":0,"_bbp_total_reply_count":0,"_bbp_voice_count":0,"_bbp_anonymous_reply_count":0,"_bbp_topic_count_hidden":0,"_bbp_reply_count_hidden":0,"_bbp_forum_subforum_count":0,"footnotes":""},"class_list":["post-641","page","type-page","status-publish","hentry"],"_links":{"self":[{"href":"https:\/\/isfa-net.de\/index.php?rest_route=\/wp\/v2\/pages\/641","targetHints":{"allow":["GET"]}}],"collection":[{"href":"https:\/\/isfa-net.de\/index.php?rest_route=\/wp\/v2\/pages"}],"about":[{"href":"https:\/\/isfa-net.de\/index.php?rest_route=\/wp\/v2\/types\/page"}],"author":[{"embeddable":true,"href":"https:\/\/isfa-net.de\/index.php?rest_route=\/wp\/v2\/users\/1"}],"replies":[{"embeddable":true,"href":"https:\/\/isfa-net.de\/index.php?rest_route=%2Fwp%2Fv2%2Fcomments&post=641"}],"version-history":[{"count":18,"href":"https:\/\/isfa-net.de\/index.php?rest_route=\/wp\/v2\/pages\/641\/revisions"}],"predecessor-version":[{"id":3665,"href":"https:\/\/isfa-net.de\/index.php?rest_route=\/wp\/v2\/pages\/641\/revisions\/3665"}],"wp:attachment":[{"href":"https:\/\/isfa-net.de\/index.php?rest_route=%2Fwp%2Fv2%2Fmedia&parent=641"}],"curies":[{"name":"wp","href":"https:\/\/api.w.org\/{rel}","templated":true}]}}